{"id":257,"date":"2021-10-21T01:28:01","date_gmt":"2021-10-20T23:28:01","guid":{"rendered":"https:\/\/geopconsulting.eu\/?page_id=257"},"modified":"2021-10-21T23:39:55","modified_gmt":"2021-10-21T21:39:55","slug":"privacy-policy-2","status":"publish","type":"page","link":"https:\/\/geopconsulting.eu\/?page_id=257","title":{"rendered":"Privacy Policy"},"content":{"rendered":"\n<p style=\"text-align: center;\"><strong>Privacy Policy<\/strong><\/p>\n<p style=\"text-align: justify;\">Informativa privacy ex D.lgs.196\/03 e Regolamento UE nr. 679\/2016<\/p>\n<p style=\"text-align: justify;\">Ai sensi dell\u2019art. 13 del D.lgs.196\/03 ed in seguito all\u2019entrata in vigore del Regolamento UE nr. 679\/2016 conformemente a quanto disciplinato dall\u2019art. 13 del citato Regolamento Europeo, desideriamo comunicarVi quanto segue:<br \/><br \/><\/p>\n<p style=\"text-align: justify;\"><strong>Finalit\u00e0 del trattamento<\/strong><\/p>\n<p style=\"text-align: justify;\">I Vs. dati personali, liberamente comunicati e da noi acquisiti in ragione dell\u2019attivit\u00e0 svolta da:<br \/>Massimo Paldino<br \/>Via montessori snc<br \/>Partita IVA: 02900540788<br \/>Codice Fiscale: PLDMSM79H20D005Q<br \/><br \/>saranno trattati in modo lecito e secondo correttezza per le seguenti finalit\u00e0:<br \/><br \/>Moduli di contatto, whastapp, richieste tramite social network<br \/><br \/>I dati trattati sono aggiornati, pertinenti, completi e non eccedenti rispetto alle finalit\u00e0 sopra elencate per le quali sono raccolti e successivamente trattati.<br \/><br \/><\/p>\n<p style=\"text-align: justify;\"><strong>Modalit\u00e0 del trattamento<\/strong><\/p>\n<p style=\"text-align: justify;\">I dati medesimi verranno trattati, nel rispetto della sicurezza e riservatezza necessarie, attraverso le seguenti modalit\u00e0: raccolta dei dati presso l\u2019interessato, raccolta e registrate per scopi determinati, espliciti e legittimi, utilizzati in ulteriori operazioni di trattamento in termini compatibili con tali scopi, trattamento posto in essere con l\u2019ausilio di strumenti elettronici ed automatizzati (raccolta dei dati per via telematica, direttamente presso l\u2019interessato).<br \/><br \/><\/p>\n<p style=\"text-align: justify;\"><strong>Base giuridica del trattamento<\/strong><\/p>\n<p style=\"text-align: justify;\">La base giuridica del trattamento dei Vs. dati personali si fonda sulla registrazione al portale web https:\/\/geopconsulting.eu\/.<br \/><br \/>Legittimi interessi perseguiti dal Titolare del Trattamento:<br \/>I legittimi interessi perseguiti dal Titolare del Trattamento nel trattamento dei dati \u00e8 data dal dover rispettare ed onorare le obbligazioni contrattuali sottoscritte tra le parti. Ai sensi dell\u2019art. 6 la liceit\u00e0 del trattamento si basa sul consenso manifestamente espresso da parte dell\u2019interessato, documentato in forma scritta. Natura obbligatoria o facoltativa del conferimento dei dati e conseguenze di un eventuale rifiuto a rispondere: la natura del conferimento dei dati da parte Vostra \u00e8 obbligatoria affinch\u00e9 il titolare del trattamento possa erogare i servizi richiesti. In caso di rifiuto sar\u00e0 quindi impossibile completare il processo di registrazione e il Titolare di Sistema non potr\u00e0 adempiere agli obblighi contrattuali.<br \/><br \/><\/p>\n<p style=\"text-align: justify;\"><strong>Comunicazione dei dati a terzi<\/strong><\/p>\n<p style=\"text-align: justify;\">I Vs. dati personali saranno trattati dal Titolare del trattamento, dai Responsabili del trattamento da lui nominati e dagli incaricati del trattamento strettamente autorizzati. I Vs. dati personali non sono oggetto di diffusione.<br \/><br \/><\/p>\n<p style=\"text-align: justify;\"><strong>Tempi di conservazione<\/strong><\/p>\n<p style=\"text-align: justify;\">I Vs. dati personali saranno conservati per nr. 10 anni, dalla cessazione del rapporto di erogazione del servizio\/di fornitura del prodotto presso gli archivi informatici di propriet\u00e0 di Massimo Paldino.<br \/><br \/><\/p>\n<p style=\"text-align: justify;\"><strong>Intenzione del Titolare del trattamento dati personali<\/strong><\/p>\n<p style=\"text-align: justify;\">Il Titolare del trattamento non trasferir\u00e0 i Vs. dati personali ad un paese terzo o ad una organizzazione internazionale.<br \/><br \/><\/p>\n<p style=\"text-align: justify;\"><strong>Titolare e Responsabile del trattamento<\/strong><\/p>\n<p style=\"text-align: justify;\">Titolare del trattamento dei dati \u00e8 la Massimo Paldino. Dati contatti del Titolare del trattamento, mail : geo.paldino@gmail.com<br \/><br \/>L\u2019interessato potr\u00e0 in qualsiasi momento esercitare i diritti a Lui riservati, sanciti dall\u2019art. 7 di cui si riporta il testo integrale: art. 7 D.Lgs. 196\/2003 e art. 15 Regolamento UE 679\/2016 &#8211; Diritto di accesso ai dati personali ed altri diritti \u2013 \u201cL\u2019interessato ha diritto di ottenere la conferma dell\u2019esistenza o meno di dati personali che lo riguardano, anche se non ancora registrati, e la loro<br \/>comunicazione in forma intelligibile. L\u2019interessato ha diritto di ottenere l\u2019indicazione: dell\u2019origine dei dati personali; delle finalit\u00e0 e modalit\u00e0 del trattamento; della logica applicata in caso di trattamento effettuato con l\u2019ausilio di strumenti elettronici; degli estremi identificativi del titolare del trattamento, del responsabile e del rappresentante designato ai sensi dell\u2019art. 5 comma 2; dei soggetti o delle categorie di soggetti ai quali i dati personali possono essere comunicati o che possono venirne a conoscenza in qualit\u00e0 di rappresentante designato nel territorio dello Stato, di responsabili o incaricati. L\u2019interessato ha diritto di ottenere: l\u2019aggiornamento, la rettificazione, ovvero, quando vi \u00e8 interesse, l\u2019integrazione dei dati; la cancellazione, la trasformazione in forma anonima o il blocco dei dati trattati in violazione di legge, compresi quelli di cui non \u00e8 necessaria la conservazione in relazione agli scopi per i quali i dati sono stati raccolti o successivamente trattati; l\u2019attestazione che le operazioni di cui alla lettera a. e b. sono state portate a conoscenza, anche per quanto riguarda il loro contenuto, di coloro ai quali i dati sono stati comunicati o diffusi, eccettuato il caso in cui tale adempimento si rileva impossibile o comporta un impiego di mezzi manifestamente sproporzionato rispetto al diritto tutelato. L\u2019interessato ha diritto di opporsi in tutto o in parte: per motivi legittimi al trattamento dei dati personali che lo riguardano, ancorch\u00e9 pertinenti allo scopo della raccolta; al trattamento dei dati personali che lo riguardano a fini di invio di materiale pubblicitario o di vendita diretta o per il compimento di ricerche di mercato o di comunicazione commerciale\u201d. In particolare l\u2019interessato pu\u00f2 in qualsiasi momento chiedere al Titolare del trattamento l\u2019accesso ai dati personali e la rettifica o la cancellazione degli stessi o la limitazione del trattamento che lo riguardano o di opporsi al loro trattamento, oltre al diritto alla portabilit\u00e0 dei dati. L\u2019interessato ha il diritto di revocare il consenso in qualsiasi momento senza pregiudicare la liceit\u00e0 del trattamento basata sul consenso prestato prima della revoca e ha il diritto di proporre reclamo a un\u2019autorit\u00e0 di controllo. L\u2019esercizio dei diritti pu\u00f2 essere esercitato scrivendo all\u2019indirizzo di posta elettronica geo.paldino@gmail.com.<br \/><br \/><\/p>\n<p style=\"text-align: center;\"><strong>Cookie policy per www.geopconsulting.eu<\/strong><\/p>\n<p style=\"text-align: justify;\">\u00a0<\/p>\n<p style=\"text-align: justify;\"><strong>Uso dei cookie<\/strong><br \/>Il &#8220;Sito&#8221; (geopconsulting.eu) utilizza i Cookie per rendere i propri servizi semplici e efficienti per l\u2019utenza che visiona le pagine di geopconsulting.eu. Gli utenti che visionano il Sito, vedranno inserite delle quantit\u00e0 minime di informazioni nei dispositivi in uso, che siano computer e periferiche mobili, in piccoli file di testo denominati \u201ccookie\u201d salvati nelle directory utilizzate dal browser web dell\u2019Utente. Vi sono vari tipi di cookie, alcuni per rendere pi\u00f9 efficace l\u2019uso del Sito, altri per abilitare determinate funzionalit\u00e0.<br \/>Analizzandoli in maniera particolareggiata i nostri cookie permettono di:<\/p>\n<p style=\"text-align: justify;\">memorizzare le preferenze inserite;<br \/>evitare di reinserire le stesse informazioni pi\u00f9 volte durante la visita quali ad esempio nome utente e password;<br \/>analizzare l\u2019utilizzo dei servizi e dei contenuti forniti da geopconsulting.eu per ottimizzarne l\u2019esperienza di navigazione e i servizi offerti.<\/p>\n<p style=\"text-align: justify;\"><br \/><strong>Tipologie di Cookie<br \/><\/strong><br \/><strong>Cookie tecnici<\/strong><br \/>Questa tipologia di cookie permette il corretto funzionamento di alcune sezioni del Sito. Sono di due categorie: persistenti e di sessione:<\/p>\n<p style=\"text-align: justify;\"><br \/>persistenti: una volta chiuso il browser non vengono distrutti ma rimangono fino ad una data di scadenza preimpostata<br \/>di sessione: vengono distrutti ogni volta che il browser viene chiuso<\/p>\n<p style=\"text-align: justify;\">Questi cookie, inviati sempre dal nostro dominio, sono necessari a visualizzare correttamente il sito e in relazione ai servizi tecnici offerti, verranno quindi sempre utilizzati e inviati, a meno che l\u2019utenza non modifichi le impostazioni nel proprio browser (inficiando cos\u00ec la visualizzazione delle pagine del sito).<\/p>\n<p style=\"text-align: justify;\"><strong>Cookie analitici<\/strong><br \/>I cookie in questa categoria vengono utilizzati per collezionare informazioni sull\u2019uso del sito. Geopconsulting.eu user\u00e0 queste informazioni in merito ad analisi statistiche anonime al fine di migliorare l\u2019utilizzo del Sito e per rendere i contenuti pi\u00f9 interessanti e attinenti ai desideri dell\u2019utenza. Questa tipologia di cookie raccoglie dati in forma anonima sull\u2019attivit\u00e0 dell\u2019utenza e su come \u00e8 arrivata sul Sito. I cookie analitici sono inviati dal Sito Stesso o da domini di terze parti.<\/p>\n<p style=\"text-align: justify;\"><strong>Cookie di analisi di servizi di terze parti<\/strong><br \/>Questi cookie sono utilizzati al fine di raccogliere informazioni sull\u2019uso del Sito da parte degli utenti in forma anonima quali: pagine visitate, tempo di permanenza, origini del traffico di provenienza, provenienza geografica, et\u00e0, genere e interessi ai fini di campagne di marketing. Questi cookie sono inviati da domini di terze parti esterni al Sito.<\/p>\n<p style=\"text-align: justify;\"><strong>Cookie per integrare prodotti e funzioni di software di terze parti<\/strong><br \/>Questa tipologia di cookie integra funzionalit\u00e0 sviluppate da terzi all\u2019interno delle pagine del Sito come le icone e le preferenze espresse nei social network al fine di condivisione dei contenuti del sito o per l\u2019uso di servizi software di terze parti (come i software per generare le mappe e ulteriori software che offrono servizi aggiuntivi). Questi cookie sono inviati da domini di terze parti e da siti partner che offrono le loro funzionalit\u00e0 tra le pagine del Sito.<\/p>\n<p style=\"text-align: justify;\"><strong>Cookie di profilazione<\/strong><br \/>Sono quei cookie necessari a creare profili utenti al fine di inviare messaggi pubblicitari in linea con le preferenze manifestate dall\u2019utente all\u2019interno delle pagine del Sito.<br \/>Geopconsulting.eu, secondo la normativa vigente, non \u00e8 tenuto a chiedere consenso per i cookie tecnici e di analytics, in quanto necessari a fornire i servizi richiesti.<br \/>Per tutte le altre tipologie di cookie il consenso pu\u00f2 essere espresso dall\u2019Utente con una o pi\u00f9 di una delle seguenti modalit\u00e0:<\/p>\n<p style=\"text-align: justify;\"><br \/>Mediante specifiche configurazioni del browser utilizzato o dei relativi programmi informatici utilizzati per navigare le pagine che compongono il Sito.<br \/>Mediante modifica delle impostazioni nell\u2019uso dei servizi di terze parti<\/p>\n<p style=\"text-align: justify;\">Entrambe queste soluzioni potrebbero impedire all\u2019utente di utilizzare o visualizzare parti del Sito.<\/p>\n<p style=\"text-align: justify;\"><strong>Siti Web e servizi di terze parti<\/strong><br \/>Il Sito potrebbe contenere collegamenti ad altri siti Web che dispongono di una propria informativa sulla privacy che pu\u00f2 essere diverse da quella adottata da geopconsulting.eu e che che quindi non risponde di questi siti.<\/p>\n<p style=\"text-align: justify;\">Ultimo aggiornamento 21\/10\/2021<br \/><br \/><strong>Come disabilitare i cookie mediante configurazione del browser<\/strong><br \/>Se desideri approfondire le modalit\u00e0 con cui il tuo browser memorizza i cookies durante la tua navigazione, ti invitiamo a seguire questi link sui siti dei rispettivi fornitori.<\/p>\n<p style=\"text-align: justify;\">\u00a0<\/p>\n<div class=\"row\">\n<div class=\"col-md-12 text-justify\" style=\"text-align: justify;\">\n<table class=\"table\">\n<tbody>\n<tr>\n<td><a href=\"https:\/\/support.mozilla.org\/it\/kb\/Gestione%20dei%20cookie\" target=\"_blank\" rel=\"noopener\">Mozilla Firefox<\/a><\/td>\n<td>https:\/\/support.mozilla.org\/it\/kb\/Gestione%20dei%20cookie<\/td>\n<\/tr>\n<tr>\n<td><a href=\"https:\/\/support.google.com\/chrome\/answer\/95647?hl=it\" target=\"_blank\" rel=\"noopener\">Google Chrome<\/a><\/td>\n<td>https:\/\/support.google.com\/chrome\/answer\/95647?hl=it<\/td>\n<\/tr>\n<tr>\n<td><a href=\"http:\/\/windows.microsoft.com\/it-it\/windows-vista\/block-or-allow-cookies\" target=\"_blank\" rel=\"noopener\">Internet Explorer<\/a><\/td>\n<td>http:\/\/windows.microsoft.com\/it-it\/windows-vista\/block-or-allow-cookies<\/td>\n<\/tr>\n<tr>\n<td><a href=\"https:\/\/support.apple.com\/kb\/PH17191?viewlocale=it_IT&amp;locale=en_US\" target=\"_blank\" rel=\"noopener\">Safari 6\/7 Mavericks<\/a><\/td>\n<td>https:\/\/support.apple.com\/kb\/PH17191?viewlocale=it_IT&amp;locale=it_IT<\/td>\n<\/tr>\n<tr>\n<td><a href=\"https:\/\/support.apple.com\/kb\/PH19214?viewlocale=it_IT&amp;locale=en_US\" target=\"_blank\" rel=\"noopener\">Safari 8 Yosemite<\/a><\/td>\n<td>https:\/\/support.apple.com\/kb\/PH19214?viewlocale=it_IT&amp;locale=it_IT<\/td>\n<\/tr>\n<tr>\n<td><a href=\"https:\/\/support.apple.com\/it-it\/HT201265\" target=\"_blank\" rel=\"noopener\">Safari su iPhone, iPad, o iPod touch<\/a><\/td>\n<td>https:\/\/support.apple.com\/it-it\/HT201265<\/td>\n<\/tr>\n<\/tbody>\n<\/table>\nNel caso in cui il tuo browser non sia presente all&#8217;interno di questo elenco puoi richiedere maggiori informazioni inviando una email all&#8217;indirizzo info@nibirumail.com. Provvederemo a fornirti le informazioni necessarie per una navigazione anonima e sicura.<\/div>\n<\/div>\n\n","protected":false},"excerpt":{"rendered":"","protected":false},"author":1,"featured_media":0,"parent":0,"menu_order":0,"comment_status":"closed","ping_status":"closed","template":"","meta":{"_joinchat":[],"footnotes":""},"class_list":["post-257","page","type-page","status-publish","hentry"],"yoast_head":"<!-- This site is optimized with the Yoast SEO plugin v27.4 - https:\/\/yoast.com\/product\/yoast-seo-wordpress\/ -->\n<title>Privacy Policy - Geop Consulting | Dott. Massimo Paldino<\/title>\n<meta name=\"robots\" content=\"index, follow, max-snippet:-1, max-image-preview:large, max-video-preview:-1\" \/>\n<link rel=\"canonical\" href=\"https:\/\/geopconsulting.eu\/?page_id=257\" \/>\n<meta property=\"og:locale\" content=\"it_IT\" \/>\n<meta property=\"og:type\" content=\"article\" \/>\n<meta property=\"og:title\" content=\"Privacy Policy - Geop Consulting | Dott. Massimo Paldino\" \/>\n<meta property=\"og:url\" content=\"https:\/\/geopconsulting.eu\/?page_id=257\" \/>\n<meta property=\"og:site_name\" content=\"Geop Consulting | Dott. Massimo Paldino\" \/>\n<meta property=\"article:publisher\" content=\"https:\/\/www.facebook.com\/geopaldino\" \/>\n<meta property=\"article:modified_time\" content=\"2021-10-21T21:39:55+00:00\" \/>\n<meta name=\"twitter:card\" content=\"summary_large_image\" \/>\n<meta name=\"twitter:label1\" content=\"Tempo di lettura stimato\" \/>\n\t<meta name=\"twitter:data1\" content=\"8 minuti\" \/>\n<script type=\"application\/ld+json\" class=\"yoast-schema-graph\">{\"@context\":\"https:\\\/\\\/schema.org\",\"@graph\":[{\"@type\":\"WebPage\",\"@id\":\"https:\\\/\\\/geopconsulting.eu\\\/?page_id=257\",\"url\":\"https:\\\/\\\/geopconsulting.eu\\\/?page_id=257\",\"name\":\"Privacy Policy - Geop Consulting | Dott. Massimo Paldino\",\"isPartOf\":{\"@id\":\"https:\\\/\\\/geopconsulting.eu\\\/#website\"},\"datePublished\":\"2021-10-20T23:28:01+00:00\",\"dateModified\":\"2021-10-21T21:39:55+00:00\",\"breadcrumb\":{\"@id\":\"https:\\\/\\\/geopconsulting.eu\\\/?page_id=257#breadcrumb\"},\"inLanguage\":\"it-IT\",\"potentialAction\":[{\"@type\":\"ReadAction\",\"target\":[\"https:\\\/\\\/geopconsulting.eu\\\/?page_id=257\"]}]},{\"@type\":\"BreadcrumbList\",\"@id\":\"https:\\\/\\\/geopconsulting.eu\\\/?page_id=257#breadcrumb\",\"itemListElement\":[{\"@type\":\"ListItem\",\"position\":1,\"name\":\"Home\",\"item\":\"https:\\\/\\\/geopconsulting.eu\\\/\"},{\"@type\":\"ListItem\",\"position\":2,\"name\":\"Privacy Policy\"}]},{\"@type\":\"WebSite\",\"@id\":\"https:\\\/\\\/geopconsulting.eu\\\/#website\",\"url\":\"https:\\\/\\\/geopconsulting.eu\\\/\",\"name\":\"Geop Consulting | Dott. Massimo Paldino\",\"description\":\"Geologia | Ambiente | Territorio\",\"publisher\":{\"@id\":\"https:\\\/\\\/geopconsulting.eu\\\/#organization\"},\"potentialAction\":[{\"@type\":\"SearchAction\",\"target\":{\"@type\":\"EntryPoint\",\"urlTemplate\":\"https:\\\/\\\/geopconsulting.eu\\\/?s={search_term_string}\"},\"query-input\":{\"@type\":\"PropertyValueSpecification\",\"valueRequired\":true,\"valueName\":\"search_term_string\"}}],\"inLanguage\":\"it-IT\"},{\"@type\":\"Organization\",\"@id\":\"https:\\\/\\\/geopconsulting.eu\\\/#organization\",\"name\":\"geop consulting\",\"url\":\"https:\\\/\\\/geopconsulting.eu\\\/\",\"logo\":{\"@type\":\"ImageObject\",\"inLanguage\":\"it-IT\",\"@id\":\"https:\\\/\\\/geopconsulting.eu\\\/#\\\/schema\\\/logo\\\/image\\\/\",\"url\":\"https:\\\/\\\/geopconsulting.eu\\\/wp-content\\\/uploads\\\/2021\\\/09\\\/logo_geop3.png\",\"contentUrl\":\"https:\\\/\\\/geopconsulting.eu\\\/wp-content\\\/uploads\\\/2021\\\/09\\\/logo_geop3.png\",\"width\":1940,\"height\":773,\"caption\":\"geop consulting\"},\"image\":{\"@id\":\"https:\\\/\\\/geopconsulting.eu\\\/#\\\/schema\\\/logo\\\/image\\\/\"},\"sameAs\":[\"https:\\\/\\\/www.facebook.com\\\/geopaldino\"]}]}<\/script>\n<!-- \/ Yoast SEO plugin. -->","yoast_head_json":{"title":"Privacy Policy - Geop Consulting | Dott. Massimo Paldino","robots":{"index":"index","follow":"follow","max-snippet":"max-snippet:-1","max-image-preview":"max-image-preview:large","max-video-preview":"max-video-preview:-1"},"canonical":"https:\/\/geopconsulting.eu\/?page_id=257","og_locale":"it_IT","og_type":"article","og_title":"Privacy Policy - Geop Consulting | Dott. Massimo Paldino","og_url":"https:\/\/geopconsulting.eu\/?page_id=257","og_site_name":"Geop Consulting | Dott. Massimo Paldino","article_publisher":"https:\/\/www.facebook.com\/geopaldino","article_modified_time":"2021-10-21T21:39:55+00:00","twitter_card":"summary_large_image","twitter_misc":{"Tempo di lettura stimato":"8 minuti"},"schema":{"@context":"https:\/\/schema.org","@graph":[{"@type":"WebPage","@id":"https:\/\/geopconsulting.eu\/?page_id=257","url":"https:\/\/geopconsulting.eu\/?page_id=257","name":"Privacy Policy - Geop Consulting | Dott. Massimo Paldino","isPartOf":{"@id":"https:\/\/geopconsulting.eu\/#website"},"datePublished":"2021-10-20T23:28:01+00:00","dateModified":"2021-10-21T21:39:55+00:00","breadcrumb":{"@id":"https:\/\/geopconsulting.eu\/?page_id=257#breadcrumb"},"inLanguage":"it-IT","potentialAction":[{"@type":"ReadAction","target":["https:\/\/geopconsulting.eu\/?page_id=257"]}]},{"@type":"BreadcrumbList","@id":"https:\/\/geopconsulting.eu\/?page_id=257#breadcrumb","itemListElement":[{"@type":"ListItem","position":1,"name":"Home","item":"https:\/\/geopconsulting.eu\/"},{"@type":"ListItem","position":2,"name":"Privacy Policy"}]},{"@type":"WebSite","@id":"https:\/\/geopconsulting.eu\/#website","url":"https:\/\/geopconsulting.eu\/","name":"Geop Consulting | Dott. Massimo Paldino","description":"Geologia | Ambiente | Territorio","publisher":{"@id":"https:\/\/geopconsulting.eu\/#organization"},"potentialAction":[{"@type":"SearchAction","target":{"@type":"EntryPoint","urlTemplate":"https:\/\/geopconsulting.eu\/?s={search_term_string}"},"query-input":{"@type":"PropertyValueSpecification","valueRequired":true,"valueName":"search_term_string"}}],"inLanguage":"it-IT"},{"@type":"Organization","@id":"https:\/\/geopconsulting.eu\/#organization","name":"geop consulting","url":"https:\/\/geopconsulting.eu\/","logo":{"@type":"ImageObject","inLanguage":"it-IT","@id":"https:\/\/geopconsulting.eu\/#\/schema\/logo\/image\/","url":"https:\/\/geopconsulting.eu\/wp-content\/uploads\/2021\/09\/logo_geop3.png","contentUrl":"https:\/\/geopconsulting.eu\/wp-content\/uploads\/2021\/09\/logo_geop3.png","width":1940,"height":773,"caption":"geop consulting"},"image":{"@id":"https:\/\/geopconsulting.eu\/#\/schema\/logo\/image\/"},"sameAs":["https:\/\/www.facebook.com\/geopaldino"]}]}},"_links":{"self":[{"href":"https:\/\/geopconsulting.eu\/index.php?rest_route=\/wp\/v2\/pages\/257","targetHints":{"allow":["GET"]}}],"collection":[{"href":"https:\/\/geopconsulting.eu\/index.php?rest_route=\/wp\/v2\/pages"}],"about":[{"href":"https:\/\/geopconsulting.eu\/index.php?rest_route=\/wp\/v2\/types\/page"}],"author":[{"embeddable":true,"href":"https:\/\/geopconsulting.eu\/index.php?rest_route=\/wp\/v2\/users\/1"}],"replies":[{"embeddable":true,"href":"https:\/\/geopconsulting.eu\/index.php?rest_route=%2Fwp%2Fv2%2Fcomments&post=257"}],"version-history":[{"count":7,"href":"https:\/\/geopconsulting.eu\/index.php?rest_route=\/wp\/v2\/pages\/257\/revisions"}],"predecessor-version":[{"id":332,"href":"https:\/\/geopconsulting.eu\/index.php?rest_route=\/wp\/v2\/pages\/257\/revisions\/332"}],"wp:attachment":[{"href":"https:\/\/geopconsulting.eu\/index.php?rest_route=%2Fwp%2Fv2%2Fmedia&parent=257"}],"curies":[{"name":"wp","href":"https:\/\/api.w.org\/{rel}","templated":true}]}}